{"id":2356,"date":"2025-10-12T03:06:12","date_gmt":"2025-10-12T03:06:12","guid":{"rendered":"https:\/\/mgbushing.com\/product\/cuzn25al5-solid-bronze-bushing-sae430b-cast-bronze-bearing-sleeve-bushing-c86300-oilless-self-lubricating-bush-bearing\/"},"modified":"2025-10-18T04:22:42","modified_gmt":"2025-10-18T04:22:42","slug":"cuzn25al5-solid-bronze-bushing-sae430b-cast-bronze-bearing-sleeve-bushing-c86300-oilless-self-lubricating-bush-bearing","status":"publish","type":"product","link":"https:\/\/mgbushing.com\/pl\/product\/cuzn25al5-solid-bronze-bushing-sae430b-cast-bronze-bearing-sleeve-bushing-c86300-oilless-self-lubricating-bush-bearing\/","title":{"rendered":"Tuleja z Litego Br\u0105zu, Tuleja \u0141o\u017cyskowa z Br\u0105zu Odlewanego, \u0141o\u017cysko Tulejowe Samosmaruj\u0105ce Bezolejowe"},"content":{"rendered":"<p><span class=\"mars-pro\" data-o=\"Applicable Industries:Machinery Repair Shops, Manufacturing Plant, Retail, Construction works\">Applicable Industries:Machinery Repair Shops, Manufacturing Plant, Retail, Construction works<\/span><br><span class=\"mars-pro\" data-o=\"\nMaterial:C86300, SAE 430B, and CuZn25Al5\">\nMaterial:C86300, SAE 430B, and CuZn25Al5<\/span><br>Typ: R&#281;kaw<br>Tolerancja &#347;rednicy wewn&#281;trznej:??0,05mm<br>Smarowanie: samosmaruj&#261;cy<br>Tolerancja &#347;rednicy zewn&#281;trznej:??0,05mm<br>Ca&#322;kowita d&#322;ugo&#347;&#263;: 10 mm (0,39 cala)<br><span class=\"mars-pro\" data-o=\"\nApplicable Industries:Manufacturing Plant, Machinery Repair Shops, Construction works\">\nApplicable Industries:Manufacturing Plant, Machinery Repair Shops, Construction works<\/span><br><span class=\"mars-pro\" data-o=\"\nBase Material:CuZn25Al5,C86300,SAE 430B\">\nBase Material:CuZn25Al5,C86300,SAE 430B<\/span><br>Rodzaje tulei: cylindryczna, ko&#322;nierzowa, podk&#322;adka oporowa, p&#322;ytki<br>Cechy: Samosmarowanie, Bezobs&#322;ugowo&#347;&#263;<br>Standard: Oiles, Sankyo bezolejowe, MISUMI, VOEST<br>Specyfikacja: Standardowy rozmiar i na zam&oacute;wienie<br><span class=\"mars-pro\" data-o=\"\nOther products:DU bush, DX bush, bimetal bearing, oiles plates, bronze bearing\">\nOther products:DU bush, DX bush, bimetal bearing, oiles plates, bronze bearing<\/span><br>Jednostki sprzeda&#380;y: Pojedynczy przedmiot<br><span class=\"mars-pro\" data-o=\"\nSingle package size:36X24X22 cm\">\nSingle package size:36X24X22 cm<\/span><br><span class=\"mars-pro\" data-o=\"\nSingle gross weight:0.610 kg\">\nSingle gross weight:0.610 kg<\/span><\/p>\n<p><img decoding=\"async\" class=\"alignnone size-full\" src=\"https:\/\/mgbushing.com\/wp-content\/uploads\/2025\/10\/detail_pic_0-47.jpg\" alt=\"\" width=\"790\"><\/p>\n<p><img decoding=\"async\" class=\"alignnone size-full\" src=\"https:\/\/mgbushing.com\/wp-content\/uploads\/2025\/10\/detail_pic_1-51.jpg\" alt=\"\" width=\"790\"><\/p>\n<p><img decoding=\"async\" class=\"alignnone size-full\" src=\"https:\/\/mgbushing.com\/wp-content\/uploads\/2025\/10\/detail_pic_2-39.jpg\" alt=\"\" width=\"790\"><\/p>\n<p><img decoding=\"async\" class=\"alignnone size-full\" src=\"https:\/\/mgbushing.com\/wp-content\/uploads\/2025\/10\/detail_pic_3-53.jpg\" alt=\"\" width=\"790\"><\/p>\n<p><img decoding=\"async\" class=\"alignnone size-full\" src=\"https:\/\/mgbushing.com\/wp-content\/uploads\/2025\/10\/detail_pic_4-3.png\" alt=\"\" width=\"790\"><\/p>\n<p><img decoding=\"async\" class=\"alignnone size-full\" src=\"https:\/\/mgbushing.com\/wp-content\/uploads\/2025\/10\/detail_pic_5-26.png\" alt=\"\" width=\"790\"><\/p>\n<p><img decoding=\"async\" class=\"alignnone size-full\" src=\"https:\/\/mgbushing.com\/wp-content\/uploads\/2025\/10\/detail_pic_6-10.png\" alt=\"\" width=\"790\"><\/p>\n<p><img decoding=\"async\" class=\"alignnone size-full\" src=\"https:\/\/mgbushing.com\/wp-content\/uploads\/2025\/10\/detail_pic_7-3.png\" alt=\"\" width=\"790\"><\/p>\n<","protected":false},"excerpt":{"rendered":"<p>Solid Bronze Bushing, Cast Bronze Bearing Sleeve Bushing, Oilless Self Lubricating Bush Bearing<\/p>\n","protected":false},"featured_media":2270,"template":"","meta":{"site-sidebar-layout":"default","site-content-layout":"","ast-site-content-layout":"default","site-content-style":"default","site-sidebar-style":"default","ast-global-header-display":"","ast-banner-title-visibility":"","ast-main-header-display":"","ast-hfb-above-header-display":"","ast-hfb-below-header-display":"","ast-hfb-mobile-header-display":"","site-post-title":"","ast-breadcrumbs-content":"","ast-featured-img":"","footer-sml-layout":"","ast-disable-related-posts":"","theme-transparent-header-meta":"default","adv-header-id-meta":"","stick-header-meta":"","header-above-stick-meta":"","header-main-stick-meta":"","header-below-stick-meta":"","astra-migrate-meta-layouts":"set","ast-page-background-enabled":"default","ast-page-background-meta":{"desktop":{"background-color":"var(--ast-global-color-4)","background-image":"","background-repeat":"repeat","background-position":"center center","background-size":"auto","background-attachment":"scroll","background-type":"","background-media":"","overlay-type":"","overlay-color":"","overlay-opacity":"","overlay-gradient":""},"tablet":{"background-color":"","background-image":"","background-repeat":"repeat","background-position":"center center","background-size":"auto","background-attachment":"scroll","background-type":"","background-media":"","overlay-type":"","overlay-color":"","overlay-opacity":"","overlay-gradient":""},"mobile":{"background-color":"","background-image":"","background-repeat":"repeat","background-position":"center center","background-size":"auto","background-attachment":"scroll","background-type":"","background-media":"","overlay-type":"","overlay-color":"","overlay-opacity":"","overlay-gradient":""}},"ast-content-background-meta":{"desktop":{"background-color":"var(--ast-global-color-5)","background-image":"","background-repeat":"repeat","background-position":"center center","background-size":"auto","background-attachment":"scroll","background-type":"","background-media":"","overlay-type":"","overlay-color":"","overlay-opacity":"","overlay-gradient":""},"tablet":{"background-color":"var(--ast-global-color-5)","background-image":"","background-repeat":"repeat","background-position":"center center","background-size":"auto","background-attachment":"scroll","background-type":"","background-media":"","overlay-type":"","overlay-color":"","overlay-opacity":"","overlay-gradient":""},"mobile":{"background-color":"var(--ast-global-color-5)","background-image":"","background-repeat":"repeat","background-position":"center center","background-size":"auto","background-attachment":"scroll","background-type":"","background-media":"","overlay-type":"","overlay-color":"","overlay-opacity":"","overlay-gradient":""}}},"product_brand":[],"product_cat":[28,32],"product_tag":[],"class_list":{"0":"post-2356","1":"product","2":"type-product","3":"status-publish","4":"has-post-thumbnail","6":"product_cat-bushing","7":"product_cat-casting-bronze-bushing","8":"desktop-align-left","9":"tablet-align-left","10":"mobile-align-left","12":"first","13":"outofstock","14":"shipping-taxable","15":"product-type-variable"},"_links":{"self":[{"href":"https:\/\/mgbushing.com\/pl\/wp-json\/wp\/v2\/product\/2356","targetHints":{"allow":["GET"]}}],"collection":[{"href":"https:\/\/mgbushing.com\/pl\/wp-json\/wp\/v2\/product"}],"about":[{"href":"https:\/\/mgbushing.com\/pl\/wp-json\/wp\/v2\/types\/product"}],"wp:featuredmedia":[{"embeddable":true,"href":"https:\/\/mgbushing.com\/pl\/wp-json\/wp\/v2\/media\/2270"}],"wp:attachment":[{"href":"https:\/\/mgbushing.com\/pl\/wp-json\/wp\/v2\/media?parent=2356"}],"wp:term":[{"taxonomy":"product_brand","embeddable":true,"href":"https:\/\/mgbushing.com\/pl\/wp-json\/wp\/v2\/product_brand?post=2356"},{"taxonomy":"product_cat","embeddable":true,"href":"https:\/\/mgbushing.com\/pl\/wp-json\/wp\/v2\/product_cat?post=2356"},{"taxonomy":"product_tag","embeddable":true,"href":"https:\/\/mgbushing.com\/pl\/wp-json\/wp\/v2\/product_tag?post=2356"}],"curies":[{"name":"wp","href":"https:\/\/api.w.org\/{rel}","templated":true}]}}