{"id":2621,"date":"2025-10-12T04:01:29","date_gmt":"2025-10-12T04:01:29","guid":{"rendered":"https:\/\/mgbushing.com\/product\/c86300-solid-bronze-guided-ejector-bushing-geb-08sb-sae430b-solid-bronze-shoulder-bush-bearing-2905sb-bronze-sliding-bearing\/"},"modified":"2025-10-18T03:49:42","modified_gmt":"2025-10-18T03:49:42","slug":"c86300-solid-bronze-guided-ejector-bushing-geb-08sb-sae430b-solid-bronze-shoulder-bush-bearing-2905sb-bronze-sliding-bearing","status":"publish","type":"product","link":"https:\/\/mgbushing.com\/pl\/product\/c86300-solid-bronze-guided-ejector-bushing-geb-08sb-sae430b-solid-bronze-shoulder-bush-bearing-2905sb-bronze-sliding-bearing\/","title":{"rendered":"Lite Br\u0105zowe Tuleje Wypychacza z Prowadzeniem Lite Br\u0105zowe \u0141o\u017cyska Naramienne Br\u0105zowe \u0141o\u017cyska \u015alizgowe"},"content":{"rendered":"<p>Bran&#380;e zastosowania: hotele, sklepy z materia&#322;ami budowlanymi, zak&#322;ady produkcyjne, gospodarstwa rolne, handel detaliczny, roboty budowlane, energetyka i g&oacute;rnictwo, agencje reklamowe<br>Materia&#322;: CuSn12<br>Typ: R&#281;kaw<br>Tolerancja &#347;rednicy wewn&#281;trznej:??0,05mm<br>Smarowanie: samosmaruj&#261;cy<br>Tolerancja &#347;rednicy zewn&#281;trznej:??0,05mm<br><span class=\"mars-pro\" data-o=\"\nOverall Length:50 mm(1.97in)\">\nOverall Length:50 mm(1.97in)<\/span><br>Materia&#322; podstawowy: CuZn25A16Fe3Mn3, C86300, SAE 430B<br>Twardo&#347;&#263;: HB210~270<br>Rodzaje tulei: cylindryczna, ko&#322;nierzowa, podk&#322;adka oporowa, p&#322;ytki<br>Certyfikacja: ISO 9001 IATF 16949<br>Cechy: Samosmarowanie, Bezobs&#322;ugowo&#347;&#263;<br>Specyfikacja: Standardowy rozmiar i na zam&oacute;wienie<br><span class=\"mars-pro\" data-o=\"\nFriction coef ??:0.04-0.16\">\nFriction coef ??:0.04-0.16<\/span><br><span class=\"mars-pro\" data-o=\"\nOther products:DU bush, DX bush, bimetal bearing, oiles plates, bronze bearing\">\nOther products:DU bush, DX bush, bimetal bearing, oiles plates, bronze bearing<\/span><br>Jednostki sprzeda&#380;y: Pojedynczy przedmiot<\/p>\n<p><img decoding=\"async\" class=\"alignnone size-full\" src=\"https:\/\/mgbushing.com\/wp-content\/uploads\/2025\/10\/detail_pic_0-59.jpg\" alt=\"\" width=\"790\"><\/p>\n<p><img decoding=\"async\" class=\"alignnone size-full\" src=\"https:\/\/mgbushing.com\/wp-content\/uploads\/2025\/10\/detail_pic_1-63.jpg\" alt=\"\" width=\"790\"><\/p>\n<p><img decoding=\"async\" class=\"alignnone size-full\" src=\"https:\/\/mgbushing.com\/wp-content\/uploads\/2025\/10\/detail_pic_2-51.jpg\" alt=\"\" width=\"790\"><\/p>\n<p><img decoding=\"async\" class=\"alignnone size-full\" src=\"https:\/\/mgbushing.com\/wp-content\/uploads\/2025\/10\/detail_pic_3-65.jpg\" alt=\"\" width=\"790\"><\/p>\n<p><img decoding=\"async\" class=\"alignnone size-full\" src=\"https:\/\/mgbushing.com\/wp-content\/uploads\/2025\/10\/detail_pic_4-15.png\" alt=\"\" width=\"790\"><\/p>\n<p><img decoding=\"async\" class=\"alignnone size-full\" src=\"https:\/\/mgbushing.com\/wp-content\/uploads\/2025\/10\/detail_pic_5-38.png\" alt=\"\" width=\"790\"><\/p>\n<p><img decoding=\"async\" class=\"alignnone size-full\" src=\"https:\/\/mgbushing.com\/wp-content\/uploads\/2025\/10\/detail_pic_6-22.png\" alt=\"\" width=\"790\"><\/p>\n<p><img decoding=\"async\" class=\"alignnone size-full\" src=\"https:\/\/mgbushing.com\/wp-content\/uploads\/2025\/10\/detail_pic_7-14.png\" alt=\"\" width=\"790\"><\/p>\n<","protected":false},"excerpt":{"rendered":"<p>Solid Bronze Guided Ejector Bushing Solid Bronze Shoulder Bush Bearing Bronze Sliding Bearing<\/p>\n","protected":false},"featured_media":2436,"template":"","meta":{"site-sidebar-layout":"default","site-content-layout":"","ast-site-content-layout":"default","site-content-style":"default","site-sidebar-style":"default","ast-global-header-display":"","ast-banner-title-visibility":"","ast-main-header-display":"","ast-hfb-above-header-display":"","ast-hfb-below-header-display":"","ast-hfb-mobile-header-display":"","site-post-title":"","ast-breadcrumbs-content":"","ast-featured-img":"","footer-sml-layout":"","ast-disable-related-posts":"","theme-transparent-header-meta":"default","adv-header-id-meta":"","stick-header-meta":"","header-above-stick-meta":"","header-main-stick-meta":"","header-below-stick-meta":"","astra-migrate-meta-layouts":"set","ast-page-background-enabled":"default","ast-page-background-meta":{"desktop":{"background-color":"var(--ast-global-color-4)","background-image":"","background-repeat":"repeat","background-position":"center center","background-size":"auto","background-attachment":"scroll","background-type":"","background-media":"","overlay-type":"","overlay-color":"","overlay-opacity":"","overlay-gradient":""},"tablet":{"background-color":"","background-image":"","background-repeat":"repeat","background-position":"center center","background-size":"auto","background-attachment":"scroll","background-type":"","background-media":"","overlay-type":"","overlay-color":"","overlay-opacity":"","overlay-gradient":""},"mobile":{"background-color":"","background-image":"","background-repeat":"repeat","background-position":"center center","background-size":"auto","background-attachment":"scroll","background-type":"","background-media":"","overlay-type":"","overlay-color":"","overlay-opacity":"","overlay-gradient":""}},"ast-content-background-meta":{"desktop":{"background-color":"var(--ast-global-color-5)","background-image":"","background-repeat":"repeat","background-position":"center center","background-size":"auto","background-attachment":"scroll","background-type":"","background-media":"","overlay-type":"","overlay-color":"","overlay-opacity":"","overlay-gradient":""},"tablet":{"background-color":"var(--ast-global-color-5)","background-image":"","background-repeat":"repeat","background-position":"center center","background-size":"auto","background-attachment":"scroll","background-type":"","background-media":"","overlay-type":"","overlay-color":"","overlay-opacity":"","overlay-gradient":""},"mobile":{"background-color":"var(--ast-global-color-5)","background-image":"","background-repeat":"repeat","background-position":"center center","background-size":"auto","background-attachment":"scroll","background-type":"","background-media":"","overlay-type":"","overlay-color":"","overlay-opacity":"","overlay-gradient":""}}},"product_brand":[],"product_cat":[28,23],"product_tag":[],"class_list":{"0":"post-2621","1":"product","2":"type-product","3":"status-publish","4":"has-post-thumbnail","6":"product_cat-bushing","7":"product_cat-solid-lubricant-bushing","8":"desktop-align-left","9":"tablet-align-left","10":"mobile-align-left","12":"first","13":"outofstock","14":"shipping-taxable","15":"product-type-variable"},"_links":{"self":[{"href":"https:\/\/mgbushing.com\/pl\/wp-json\/wp\/v2\/product\/2621","targetHints":{"allow":["GET"]}}],"collection":[{"href":"https:\/\/mgbushing.com\/pl\/wp-json\/wp\/v2\/product"}],"about":[{"href":"https:\/\/mgbushing.com\/pl\/wp-json\/wp\/v2\/types\/product"}],"wp:featuredmedia":[{"embeddable":true,"href":"https:\/\/mgbushing.com\/pl\/wp-json\/wp\/v2\/media\/2436"}],"wp:attachment":[{"href":"https:\/\/mgbushing.com\/pl\/wp-json\/wp\/v2\/media?parent=2621"}],"wp:term":[{"taxonomy":"product_brand","embeddable":true,"href":"https:\/\/mgbushing.com\/pl\/wp-json\/wp\/v2\/product_brand?post=2621"},{"taxonomy":"product_cat","embeddable":true,"href":"https:\/\/mgbushing.com\/pl\/wp-json\/wp\/v2\/product_cat?post=2621"},{"taxonomy":"product_tag","embeddable":true,"href":"https:\/\/mgbushing.com\/pl\/wp-json\/wp\/v2\/product_tag?post=2621"}],"curies":[{"name":"wp","href":"https:\/\/api.w.org\/{rel}","templated":true}]}}